{"id":1960,"date":"2024-12-09T15:40:59","date_gmt":"2024-12-09T15:40:59","guid":{"rendered":"https:\/\/museum78.org\/?page_id=1960"},"modified":"2025-05-12T17:18:02","modified_gmt":"2025-05-12T17:18:02","slug":"kako-da-podrzite","status":"publish","type":"page","link":"https:\/\/museum78.org\/?page_id=1960","title":{"rendered":"Kako da podr\u017eite"},"content":{"rendered":"\n<p> <strong>Donacijom na platformi Donacije.rs<\/strong><\/p>\n\n\n\n<p>Posetite stranicu kampanje \u201eMuzej 78\u201c na platformi Donacije.rs. Svaki doprinos je neizmerno va\u017ean, jer ovo mo\u017eemo da uradimo samo zajedno.<\/p>\n\n\n\n<div class=\"wp-block-buttons is-content-justification-center is-layout-flex wp-container-core-buttons-is-layout-a89b3969 wp-block-buttons-is-layout-flex\">\n<div class=\"wp-block-button\"><a class=\"wp-block-button__link has-text-align-center wp-element-button\" href=\"https:\/\/www.donacije.rs\/projekat\/muzej-78\/\" target=\"_blank\" rel=\"noreferrer noopener\"><strong>DONIRAJ OVDE<\/strong><\/a><\/div>\n<\/div>\n\n\n\n<p><strong>Uplatom donacije direktno na ra\u010dun udru\u017eenja \u201ePru\u017ei korak\u201c<\/strong><\/p>\n\n\n\n<p>Donaciju mo\u017eete uplatiti i popunjavanjem uplatnice ili kroz e-banking\/m-banking direktno na ra\u010dun udru\u017eenja. Podaci su slede\u0107i:<\/p>\n\n\n\n<p>Primalac uplate: Udru\u017eenje Pru\u017ei korak, Beograd<\/p>\n\n\n\n<p>Svrha uplate: Donacija<\/p>\n\n\n\n<p>Broj ra\u010duna: 105-0557803000037-87<\/p>\n\n\n\n<p>Poziv na broj: 1234<\/p>\n\n\n\n<p><strong>Deljenjem sadr\u017eaja sa porodicom i prijateljima<\/strong><\/p>\n\n\n\n<p>Mo\u017eete nam pomo\u0107i da do\u0111emo do \u0161to ve\u0107eg broja ljudi, jer je ovo zajedni\u010dka pri\u010da svih nas. Potra\u017eite na\u0161e profile na dru\u0161tvenim mre\u017eama Instagram (muzej78) i Linkedin (Pru\u017ei korak) i podelite objave sa svojom zajednicom. Tako\u0111e, podelite sa nama svoje pri\u010de i iskustva, jer je cilj da zajedno ispri\u010damo \u0161to vi\u0161e neispri\u010danih pri\u010da i pomognemo da ostanu zauvek sa\u010duvane.<\/p>\n\n\n\n<hr class=\"wp-block-separator has-alpha-channel-opacity\"\/>\n\n\n\n<p><strong>Vi\u0161e od kampanje i vi\u0161e od muzeja<\/strong><\/p>\n\n\n\n<p>Ovo nije samo inicijativa da otvorimo izlo\u017ebu. Ovo je poziv da zajedno otvoreno pri\u010damo o svemu onome \u0161to nas je kao generacije oblikovalo. Ovo je poziv da prekinemo generacijska \u0107utanja o stvarima o kojima je te\u0161ko govoriti. Ovo sve je zato da shvatimo da odgovornost nije ni u pro\u0161losti, ni u budu\u0107nosti, ona je ovde i sada i zavisi isklju\u010divo od nas samih.<\/p>\n\n\n\n<p><em>Hajde da radimo tako da osiguramo da deca nikada ne moraju da crtaju svet bez mira. Hvala vam \u0161to ste deo ove pri\u010de i \u0161to zajedno gradimo mesto gde \u0107e glasovi detinjstva biti najva\u017enija uputstva odraslom svetu<\/em>.<\/p>\n\n\n\n<p><\/p>\n","protected":false},"excerpt":{"rendered":"<p>Donacijom na platformi Donacije.rs Posetite stranicu kampanje \u201eMuzej 78\u201c na platformi Donacije.rs. Svaki doprinos je neizmerno va\u017ean, jer ovo mo\u017eemo da uradimo samo zajedno. Uplatom donacije direktno na ra\u010dun udru\u017eenja \u201ePru\u017ei korak\u201c Donaciju mo\u017eete uplatiti i popunjavanjem uplatnice ili kroz e-banking\/m-banking direktno na ra\u010dun udru\u017eenja. Podaci su slede\u0107i: Primalac uplate: Udru\u017eenje Pru\u017ei korak, Beograd Svrha [&hellip;]<\/p>\n","protected":false},"author":1,"featured_media":0,"parent":0,"menu_order":0,"comment_status":"closed","ping_status":"closed","template":"","meta":{"_uag_custom_page_level_css":"","site-sidebar-layout":"default","site-content-layout":"","ast-site-content-layout":"default","site-content-style":"default","site-sidebar-style":"default","ast-global-header-display":"","ast-banner-title-visibility":"","ast-main-header-display":"","ast-hfb-above-header-display":"","ast-hfb-below-header-display":"","ast-hfb-mobile-header-display":"","site-post-title":"","ast-breadcrumbs-content":"","ast-featured-img":"","footer-sml-layout":"","theme-transparent-header-meta":"","adv-header-id-meta":"","stick-header-meta":"","header-above-stick-meta":"","header-main-stick-meta":"","header-below-stick-meta":"","astra-migrate-meta-layouts":"set","ast-page-background-enabled":"default","ast-page-background-meta":{"desktop":{"background-color":"var(--ast-global-color-4)","background-image":"","background-repeat":"repeat","background-position":"center center","background-size":"auto","background-attachment":"scroll","background-type":"","background-media":"","overlay-type":"","overlay-color":"","overlay-opacity":"","overlay-gradient":""},"tablet":{"background-color":"","background-image":"","background-repeat":"repeat","background-position":"center center","background-size":"auto","background-attachment":"scroll","background-type":"","background-media":"","overlay-type":"","overlay-color":"","overlay-opacity":"","overlay-gradient":""},"mobile":{"background-color":"","background-image":"","background-repeat":"repeat","background-position":"center center","background-size":"auto","background-attachment":"scroll","background-type":"","background-media":"","overlay-type":"","overlay-color":"","overlay-opacity":"","overlay-gradient":""}},"ast-content-background-meta":{"desktop":{"background-color":"var(--ast-global-color-5)","background-image":"","background-repeat":"repeat","background-position":"center center","background-size":"auto","background-attachment":"scroll","background-type":"","background-media":"","overlay-type":"","overlay-color":"","overlay-opacity":"","overlay-gradient":""},"tablet":{"background-color":"var(--ast-global-color-5)","background-image":"","background-repeat":"repeat","background-position":"center center","background-size":"auto","background-attachment":"scroll","background-type":"","background-media":"","overlay-type":"","overlay-color":"","overlay-opacity":"","overlay-gradient":""},"mobile":{"background-color":"var(--ast-global-color-5)","background-image":"","background-repeat":"repeat","background-position":"center center","background-size":"auto","background-attachment":"scroll","background-type":"","background-media":"","overlay-type":"","overlay-color":"","overlay-opacity":"","overlay-gradient":""}},"footnotes":""},"class_list":["post-1960","page","type-page","status-publish","hentry"],"uagb_featured_image_src":{"full":false,"thumbnail":false,"medium":false,"medium_large":false,"large":false,"1536x1536":false,"2048x2048":false},"uagb_author_info":{"display_name":"museum78889","author_link":"https:\/\/museum78.org\/?author=1"},"uagb_comment_info":0,"uagb_excerpt":"Donacijom na platformi Donacije.rs Posetite stranicu kampanje \u201eMuzej 78\u201c na platformi Donacije.rs. Svaki doprinos je neizmerno va\u017ean, jer ovo mo\u017eemo da uradimo samo zajedno. Uplatom donacije direktno na ra\u010dun udru\u017eenja \u201ePru\u017ei korak\u201c Donaciju mo\u017eete uplatiti i popunjavanjem uplatnice ili kroz e-banking\/m-banking direktno na ra\u010dun udru\u017eenja. Podaci su slede\u0107i: Primalac uplate: Udru\u017eenje Pru\u017ei korak, Beograd Svrha&hellip;","_links":{"self":[{"href":"https:\/\/museum78.org\/index.php?rest_route=\/wp\/v2\/pages\/1960","targetHints":{"allow":["GET"]}}],"collection":[{"href":"https:\/\/museum78.org\/index.php?rest_route=\/wp\/v2\/pages"}],"about":[{"href":"https:\/\/museum78.org\/index.php?rest_route=\/wp\/v2\/types\/page"}],"author":[{"embeddable":true,"href":"https:\/\/museum78.org\/index.php?rest_route=\/wp\/v2\/users\/1"}],"replies":[{"embeddable":true,"href":"https:\/\/museum78.org\/index.php?rest_route=%2Fwp%2Fv2%2Fcomments&post=1960"}],"version-history":[{"count":2,"href":"https:\/\/museum78.org\/index.php?rest_route=\/wp\/v2\/pages\/1960\/revisions"}],"predecessor-version":[{"id":2010,"href":"https:\/\/museum78.org\/index.php?rest_route=\/wp\/v2\/pages\/1960\/revisions\/2010"}],"wp:attachment":[{"href":"https:\/\/museum78.org\/index.php?rest_route=%2Fwp%2Fv2%2Fmedia&parent=1960"}],"curies":[{"name":"wp","href":"https:\/\/api.w.org\/{rel}","templated":true}]}}