{"id":1953,"date":"2024-12-09T15:28:48","date_gmt":"2024-12-09T15:28:48","guid":{"rendered":"https:\/\/museum78.org\/?page_id=1953"},"modified":"2024-12-09T15:28:48","modified_gmt":"2024-12-09T15:28:48","slug":"o-nama","status":"publish","type":"page","link":"https:\/\/museum78.org\/?page_id=1953","title":{"rendered":"O nama"},"content":{"rendered":"\n<p>Dobro do\u0161li na stranicu posve\u0107enu Inicijativi \u201eMuzej 78\u201c koju je pokrenulo udru\u017eenje \u201ePru\u017ei korak\u201c. Pru\u017ei korak je formalno osnovan 2021. godine, dok kao neformalna grupa postoji jo\u0161 od 2011. godine (tada pod nazivom Poka\u017ei malo da ti je stalo). Neke od ve\u0107ih kampanja i inicijativa koje smo do sada vodili:<\/p>\n\n\n\n<figure class=\"wp-block-gallery has-nested-images columns-default is-cropped wp-block-gallery-1 is-layout-flex wp-block-gallery-is-layout-flex\"><\/figure>\n\n\n\n<ul class=\"wp-block-list\">\n<li>Kao grupa studenata organizovali smo niz volonterskih akcija kroz koje smo obezbedili sredstva za opremanje spava\u0107ih soba u NURDOR Roditeljskim ku\u0107ama za sme\u0161taj dece obolele or raka i njihovih porodica \u2013 2012. godina<\/li>\n\n\n\n<li>Pokrenuli smo i sproveli akciju obezbe\u0111ivanja novogodi\u0161njih paketi\u0107a za decu sme\u0161tenu na hemato-onkolo\u0161kim odeljenjima u Beogradu \u2013 2014. godina<\/li>\n\n\n\n<li>Organizovali smo akciju pe\u0161a\u010denja od Beograda do Ni\u0161a, simboli\u010dno prodavaju\u0107i svoje korake, kako bismo pomogli izgradnju bolnice de\u010dje hemato-onkologije u Ni\u0161u \u2013 2017. godina<\/li>\n\n\n\n<li>Organizovali smo do sada najve\u0107u fandrejzing kampanju u Srbiji \u201ePru\u017ei korak\u201c kada smo mi pe\u0161a\u010dili od Ni\u0161a do Beograda, a 560.000 ljudi pe\u0161a\u010dilo sa nama koriste\u0107i mobilnu aplikaciju \u201ePru\u017ei korak\u201c, cilj je bio podr\u0161ka izgradnji nove roditeljske ku\u0107e u Beogradu \u2013 2019. godina<\/li>\n\n\n\n<li>Vodili smo redovne zimske akcije prikupljanja tople garderobe i sredstava za higijenu za decu koja \u017eive na ulici, a kojima poma\u017ee Centar za integraciju mladih (Svrati\u0161te), kada smo od vrata do vrata Beogra\u0111ana sakupljali donacije, sortirali ih prema uzrastu i polu i tako dostavljali u Svrati\u0161te \u2013 2020, 2021, 2022. godina.<\/li>\n<\/ul>\n","protected":false},"excerpt":{"rendered":"<p>Dobro do\u0161li na stranicu posve\u0107enu Inicijativi \u201eMuzej 78\u201c koju je pokrenulo udru\u017eenje \u201ePru\u017ei korak\u201c. Pru\u017ei korak je formalno osnovan 2021. godine, dok kao neformalna grupa postoji jo\u0161 od 2011. godine (tada pod nazivom Poka\u017ei malo da ti je stalo). Neke od ve\u0107ih kampanja i inicijativa koje smo do sada vodili:<\/p>\n","protected":false},"author":1,"featured_media":0,"parent":0,"menu_order":0,"comment_status":"closed","ping_status":"closed","template":"","meta":{"_uag_custom_page_level_css":"","site-sidebar-layout":"default","site-content-layout":"","ast-site-content-layout":"default","site-content-style":"default","site-sidebar-style":"default","ast-global-header-display":"","ast-banner-title-visibility":"","ast-main-header-display":"","ast-hfb-above-header-display":"","ast-hfb-below-header-display":"","ast-hfb-mobile-header-display":"","site-post-title":"","ast-breadcrumbs-content":"","ast-featured-img":"","footer-sml-layout":"","theme-transparent-header-meta":"","adv-header-id-meta":"","stick-header-meta":"","header-above-stick-meta":"","header-main-stick-meta":"","header-below-stick-meta":"","astra-migrate-meta-layouts":"set","ast-page-background-enabled":"default","ast-page-background-meta":{"desktop":{"background-color":"var(--ast-global-color-4)","background-image":"","background-repeat":"repeat","background-position":"center center","background-size":"auto","background-attachment":"scroll","background-type":"","background-media":"","overlay-type":"","overlay-color":"","overlay-opacity":"","overlay-gradient":""},"tablet":{"background-color":"","background-image":"","background-repeat":"repeat","background-position":"center center","background-size":"auto","background-attachment":"scroll","background-type":"","background-media":"","overlay-type":"","overlay-color":"","overlay-opacity":"","overlay-gradient":""},"mobile":{"background-color":"","background-image":"","background-repeat":"repeat","background-position":"center center","background-size":"auto","background-attachment":"scroll","background-type":"","background-media":"","overlay-type":"","overlay-color":"","overlay-opacity":"","overlay-gradient":""}},"ast-content-background-meta":{"desktop":{"background-color":"var(--ast-global-color-5)","background-image":"","background-repeat":"repeat","background-position":"center center","background-size":"auto","background-attachment":"scroll","background-type":"","background-media":"","overlay-type":"","overlay-color":"","overlay-opacity":"","overlay-gradient":""},"tablet":{"background-color":"var(--ast-global-color-5)","background-image":"","background-repeat":"repeat","background-position":"center center","background-size":"auto","background-attachment":"scroll","background-type":"","background-media":"","overlay-type":"","overlay-color":"","overlay-opacity":"","overlay-gradient":""},"mobile":{"background-color":"var(--ast-global-color-5)","background-image":"","background-repeat":"repeat","background-position":"center center","background-size":"auto","background-attachment":"scroll","background-type":"","background-media":"","overlay-type":"","overlay-color":"","overlay-opacity":"","overlay-gradient":""}},"footnotes":""},"class_list":["post-1953","page","type-page","status-publish","hentry"],"uagb_featured_image_src":{"full":false,"thumbnail":false,"medium":false,"medium_large":false,"large":false,"1536x1536":false,"2048x2048":false},"uagb_author_info":{"display_name":"museum78889","author_link":"https:\/\/museum78.org\/?author=1"},"uagb_comment_info":0,"uagb_excerpt":"Dobro do\u0161li na stranicu posve\u0107enu Inicijativi \u201eMuzej 78\u201c koju je pokrenulo udru\u017eenje \u201ePru\u017ei korak\u201c. Pru\u017ei korak je formalno osnovan 2021. godine, dok kao neformalna grupa postoji jo\u0161 od 2011. godine (tada pod nazivom Poka\u017ei malo da ti je stalo). Neke od ve\u0107ih kampanja i inicijativa koje smo do sada vodili:","_links":{"self":[{"href":"https:\/\/museum78.org\/index.php?rest_route=\/wp\/v2\/pages\/1953","targetHints":{"allow":["GET"]}}],"collection":[{"href":"https:\/\/museum78.org\/index.php?rest_route=\/wp\/v2\/pages"}],"about":[{"href":"https:\/\/museum78.org\/index.php?rest_route=\/wp\/v2\/types\/page"}],"author":[{"embeddable":true,"href":"https:\/\/museum78.org\/index.php?rest_route=\/wp\/v2\/users\/1"}],"replies":[{"embeddable":true,"href":"https:\/\/museum78.org\/index.php?rest_route=%2Fwp%2Fv2%2Fcomments&post=1953"}],"version-history":[{"count":1,"href":"https:\/\/museum78.org\/index.php?rest_route=\/wp\/v2\/pages\/1953\/revisions"}],"predecessor-version":[{"id":2000,"href":"https:\/\/museum78.org\/index.php?rest_route=\/wp\/v2\/pages\/1953\/revisions\/2000"}],"wp:attachment":[{"href":"https:\/\/museum78.org\/index.php?rest_route=%2Fwp%2Fv2%2Fmedia&parent=1953"}],"curies":[{"name":"wp","href":"https:\/\/api.w.org\/{rel}","templated":true}]}}