{"id":1950,"date":"2024-12-09T15:22:15","date_gmt":"2024-12-09T15:22:15","guid":{"rendered":"https:\/\/museum78.org\/?page_id=1950"},"modified":"2024-12-09T15:22:15","modified_gmt":"2024-12-09T15:22:15","slug":"zasto-muzej-78","status":"publish","type":"page","link":"https:\/\/museum78.org\/?page_id=1950","title":{"rendered":"Za\u0161to &#8220;Muzej 78&#8221;?"},"content":{"rendered":"\n<p>Zajedno \u017eelimo da postignemo slede\u0107e: da stvorimo mesto koje neguje kulturu se\u0107anja na dostojanstven na\u010din, da otvorimo i slobodno govorimo o temi prevazila\u017eenja traume na li\u010dnom i kolektivnom nivou i da zajedno stvorimo ne\u0161to \u0161to \u0107e biti podsetnik svima da gradimo takvu budu\u0107nost da nijedno dete vi\u0161e nema ratne uspomene iz detinjstva.<\/p>\n\n\n\n<p>U prole\u0107e 1999. godine tada\u0161nja Jugoslavija bombardovana je neprekidno 78 dana. Prema popisu stanovni\u0161tva u zemlji je \u017eivelo oko 1,5 miliona dece. Svako od te dece ovaj period je do\u017eivelo na svoj na\u010din, bore\u0107i se da svoj detinji svet za\u0161titi od realnosti na na\u010dine primerene godinama koje smo imali. Iz toga razloga se\u0107anja koja imamo na bombardovanje nisu uvek traumati\u010dna, \u010dak ni negativna. Se\u0107amo se dru\u017eenja, igre, hrabrosti, prvih poljubaca. Ali, sve ovo ne zna\u010di da iskustvo rata i realnost u kojoj po tvom gradu padaju bombe \u2013 ne uti\u010du na to u kakve ljude odrastamo.<\/p>\n\n\n\n<p>Srbija i Crna Gora su bombardovane na samom kraju 20. veka, gradovi u na\u0161oj zemlji su jedini u tom veku bomardovani nakon Drugog svetskog rata. Sve \u0161to imamo od kulture se\u0107anja su dva spomenika i ru\u0161evine. U Amsterdamu je jedan od najpose\u0107enijih muzeja \u201eMuzej Ane Frank\u201c, u Njujorku je najve\u0107i memorijalni centar \u201e9\/11\u201c, u Sarajevu postoji Muzej ratnog detinjstva koji je 2018. dobio nagradu za Evropski muzej godine. Za\u0161to samo mi ne pri\u010damo svoje pri\u010de? Kako da sutra o\u010dekujemo da se neko drugi se\u0107a i da ta se\u0107anja po\u0161tuje, ako to ne radimo mi sami?<\/p>\n\n\n\n<p>Inicijativa \u201eMuzej 78\u201c je pokrenuta upravo da bismo ovo promenili. Dostojanstvena kultura se\u0107anja, ona kroz koju po\u0161tujemo sami sebe i stvaramo zalog za budu\u0107nost, jedan je od najva\u017enijih oblika patriotizma.<\/p>\n\n\n\n<p><\/p>\n","protected":false},"excerpt":{"rendered":"<p>Zajedno \u017eelimo da postignemo slede\u0107e: da stvorimo mesto koje neguje kulturu se\u0107anja na dostojanstven na\u010din, da otvorimo i slobodno govorimo o temi prevazila\u017eenja traume na li\u010dnom i kolektivnom nivou i da zajedno stvorimo ne\u0161to \u0161to \u0107e biti podsetnik svima da gradimo takvu budu\u0107nost da nijedno dete vi\u0161e nema ratne uspomene iz detinjstva. U prole\u0107e 1999. [&hellip;]<\/p>\n","protected":false},"author":1,"featured_media":0,"parent":0,"menu_order":0,"comment_status":"closed","ping_status":"closed","template":"","meta":{"_uag_custom_page_level_css":"","site-sidebar-layout":"default","site-content-layout":"","ast-site-content-layout":"default","site-content-style":"default","site-sidebar-style":"default","ast-global-header-display":"","ast-banner-title-visibility":"","ast-main-header-display":"","ast-hfb-above-header-display":"","ast-hfb-below-header-display":"","ast-hfb-mobile-header-display":"","site-post-title":"","ast-breadcrumbs-content":"","ast-featured-img":"","footer-sml-layout":"","theme-transparent-header-meta":"","adv-header-id-meta":"","stick-header-meta":"","header-above-stick-meta":"","header-main-stick-meta":"","header-below-stick-meta":"","astra-migrate-meta-layouts":"set","ast-page-background-enabled":"default","ast-page-background-meta":{"desktop":{"background-color":"var(--ast-global-color-4)","background-image":"","background-repeat":"repeat","background-position":"center center","background-size":"auto","background-attachment":"scroll","background-type":"","background-media":"","overlay-type":"","overlay-color":"","overlay-opacity":"","overlay-gradient":""},"tablet":{"background-color":"","background-image":"","background-repeat":"repeat","background-position":"center center","background-size":"auto","background-attachment":"scroll","background-type":"","background-media":"","overlay-type":"","overlay-color":"","overlay-opacity":"","overlay-gradient":""},"mobile":{"background-color":"","background-image":"","background-repeat":"repeat","background-position":"center center","background-size":"auto","background-attachment":"scroll","background-type":"","background-media":"","overlay-type":"","overlay-color":"","overlay-opacity":"","overlay-gradient":""}},"ast-content-background-meta":{"desktop":{"background-color":"var(--ast-global-color-5)","background-image":"","background-repeat":"repeat","background-position":"center center","background-size":"auto","background-attachment":"scroll","background-type":"","background-media":"","overlay-type":"","overlay-color":"","overlay-opacity":"","overlay-gradient":""},"tablet":{"background-color":"var(--ast-global-color-5)","background-image":"","background-repeat":"repeat","background-position":"center center","background-size":"auto","background-attachment":"scroll","background-type":"","background-media":"","overlay-type":"","overlay-color":"","overlay-opacity":"","overlay-gradient":""},"mobile":{"background-color":"var(--ast-global-color-5)","background-image":"","background-repeat":"repeat","background-position":"center center","background-size":"auto","background-attachment":"scroll","background-type":"","background-media":"","overlay-type":"","overlay-color":"","overlay-opacity":"","overlay-gradient":""}},"footnotes":""},"class_list":["post-1950","page","type-page","status-publish","hentry"],"uagb_featured_image_src":{"full":false,"thumbnail":false,"medium":false,"medium_large":false,"large":false,"1536x1536":false,"2048x2048":false},"uagb_author_info":{"display_name":"museum78889","author_link":"https:\/\/museum78.org\/?author=1"},"uagb_comment_info":0,"uagb_excerpt":"Zajedno \u017eelimo da postignemo slede\u0107e: da stvorimo mesto koje neguje kulturu se\u0107anja na dostojanstven na\u010din, da otvorimo i slobodno govorimo o temi prevazila\u017eenja traume na li\u010dnom i kolektivnom nivou i da zajedno stvorimo ne\u0161to \u0161to \u0107e biti podsetnik svima da gradimo takvu budu\u0107nost da nijedno dete vi\u0161e nema ratne uspomene iz detinjstva. U prole\u0107e 1999.&hellip;","_links":{"self":[{"href":"https:\/\/museum78.org\/index.php?rest_route=\/wp\/v2\/pages\/1950","targetHints":{"allow":["GET"]}}],"collection":[{"href":"https:\/\/museum78.org\/index.php?rest_route=\/wp\/v2\/pages"}],"about":[{"href":"https:\/\/museum78.org\/index.php?rest_route=\/wp\/v2\/types\/page"}],"author":[{"embeddable":true,"href":"https:\/\/museum78.org\/index.php?rest_route=\/wp\/v2\/users\/1"}],"replies":[{"embeddable":true,"href":"https:\/\/museum78.org\/index.php?rest_route=%2Fwp%2Fv2%2Fcomments&post=1950"}],"version-history":[{"count":0,"href":"https:\/\/museum78.org\/index.php?rest_route=\/wp\/v2\/pages\/1950\/revisions"}],"wp:attachment":[{"href":"https:\/\/museum78.org\/index.php?rest_route=%2Fwp%2Fv2%2Fmedia&parent=1950"}],"curies":[{"name":"wp","href":"https:\/\/api.w.org\/{rel}","templated":true}]}}